{"id":15,"date":"2015-10-04T21:14:01","date_gmt":"2015-10-05T04:14:01","guid":{"rendered":"http:\/\/aging.mountabbey.com\/?page_id=15"},"modified":"2016-08-01T20:17:14","modified_gmt":"2016-08-02T03:17:14","slug":"categories","status":"publish","type":"page","link":"http:\/\/aging.mountabbey.com\/es\/categories\/","title":{"rendered":"Categor\u00edas"},"content":{"rendered":"<pre id=\"tw-target-text\" class=\"tw-data-text vk_txt tw-ta tw-text-small\" dir=\"ltr\" data-placeholder=\"Translation\" data-fulltext=\"\"><span lang=\"es\"><a href=\"http:\/\/aging.mountabbey.com\/es\/categories\/abuseneglect-ombudsman\/\"><strong>Abuso \/ Negligencia y Defensor del Pueblo<\/strong><\/a> : Los defensores de los residentes en hogares de cuidado a largo plazo, que proporcionan informaci\u00f3n respecto a la colocaci\u00f3n a largo plazo la atenci\u00f3n, preocupaciones , servicios, derechos de los residentes y temas relacionados. Esta categor\u00eda tambi\u00e9n incluye recursos para ayudar a los ancianos que sufren de actos da\u00f1inos , como el abuso f\u00edsico, abuso sexual , abuso emocional o psicol\u00f3gico , explotaci\u00f3n financiera , y la negligencia , incluyendo la auto - abandono. En caso de emergencia , llame al 911 inmediatamente.\r\n\r\n<strong><a href=\"http:\/\/aging.mountabbey.com\/es\/categories\/category-adult-day-care\/\">Adult Day Care<\/a><\/strong> : Estructurado cuidado, integral , basada en la comunidad dise\u00f1ado para satisfacer las necesidades de los adultos deteriorados en un entorno protegido durante el d\u00eda . Algunos centros ofrecen una amplia gama de actividades terap\u00e9uticas y de rehabilitaci\u00f3n , as\u00ed como actividades sociales , comidas y transporte. Tambi\u00e9n existen programas especializados para personas con enfermedad de Alzheimer o trastornos relacionados .\r\n\r\nTranslated with google translate so only a sample of the categories.<\/span><\/pre>\n","protected":false},"excerpt":{"rendered":"<p>Abuso \/ Negligencia y Defensor del Pueblo : Los defensores de los residentes en hogares de cuidado a largo plazo, que proporcionan informaci\u00f3n respecto a la colocaci\u00f3n a largo plazo la atenci\u00f3n, preocupaciones , servicios, derechos de los residentes y<span class=\"ellipsis\">&hellip;<\/span><\/p>\n<div class=\"read-more\"><a href=\"http:\/\/aging.mountabbey.com\/es\/categories\/\">Leer m\u00e1s \u203a<\/a><\/div>\n<p><!-- end of .read-more --><\/p>\n","protected":false},"author":1,"featured_media":0,"parent":0,"menu_order":0,"comment_status":"closed","ping_status":"closed","template":"full-width-page.php","meta":{"footnotes":""},"categories":[],"tags":[],"class_list":["post-15","page","type-page","status-publish","hentry"],"translation":{"provider":"WPGlobus","version":"3.0.0","language":"es","enabled_languages":["en","es"],"languages":{"en":{"title":true,"content":true,"excerpt":false},"es":{"title":true,"content":true,"excerpt":false}}},"_links":{"self":[{"href":"http:\/\/aging.mountabbey.com\/es\/wp-json\/wp\/v2\/pages\/15","targetHints":{"allow":["GET"]}}],"collection":[{"href":"http:\/\/aging.mountabbey.com\/es\/wp-json\/wp\/v2\/pages"}],"about":[{"href":"http:\/\/aging.mountabbey.com\/es\/wp-json\/wp\/v2\/types\/page"}],"author":[{"embeddable":true,"href":"http:\/\/aging.mountabbey.com\/es\/wp-json\/wp\/v2\/users\/1"}],"replies":[{"embeddable":true,"href":"http:\/\/aging.mountabbey.com\/es\/wp-json\/wp\/v2\/comments?post=15"}],"version-history":[{"count":10,"href":"http:\/\/aging.mountabbey.com\/es\/wp-json\/wp\/v2\/pages\/15\/revisions"}],"predecessor-version":[{"id":498,"href":"http:\/\/aging.mountabbey.com\/es\/wp-json\/wp\/v2\/pages\/15\/revisions\/498"}],"wp:attachment":[{"href":"http:\/\/aging.mountabbey.com\/es\/wp-json\/wp\/v2\/media?parent=15"}],"wp:term":[{"taxonomy":"category","embeddable":true,"href":"http:\/\/aging.mountabbey.com\/es\/wp-json\/wp\/v2\/categories?post=15"},{"taxonomy":"post_tag","embeddable":true,"href":"http:\/\/aging.mountabbey.com\/es\/wp-json\/wp\/v2\/tags?post=15"}],"curies":[{"name":"wp","href":"https:\/\/api.w.org\/{rel}","templated":true}]}}